{"id":100,"date":"2016-04-21T19:46:38","date_gmt":"2016-04-21T17:46:38","guid":{"rendered":"http:\/\/softserwis.eu\/?page_id=100"},"modified":"2021-06-09T13:09:53","modified_gmt":"2021-06-09T11:09:53","slug":"comarch-klasyka","status":"publish","type":"page","link":"http:\/\/softserwis.eu\/?page_id=100","title":{"rendered":"Comarch Klasyka"},"content":{"rendered":"<p>Podobno przyzwyczajenie jest drug\u0105 natur\u0105 cz\u0142owieka.<\/p>\n<p style=\"text-align: center;\"><strong>Serwisujemy na bie\u017c\u0105co i obs\u0142ugujemy wszystkich klient\u00f3w posiadaj\u0105cych programy Comarch Klasyka. KH, KP, F++, PIK, Kadry i P\u0142ace, FA itd.<\/strong><\/p>\n<p>W zawi\u0105zku z zako\u0144czeniem sprzeda\u017cy program\u00f3w Comarch Klasyka <strong>zach\u0119camy wszystkich klient\u00f3w do przej\u015bcia na program Comarch OPTIMA<\/strong> w dowolnym momencie. Prowadzimy klient\u00f3w przez ca\u0142o\u015b\u0107 procesu zmiany oprogramowania. Uzgadniamy zasady rozlicze\u0144, przygotowujemy ofert\u0119 sprz\u0119tow\u0105 i programow\u0105, przeprowadzamy proces migracji danych, prowadzimy szkolenia ale w\u0142a\u015bcicieli firm i pracownik\u00f3w, wdra\u017camy nowy system a\u017c do ostatecznego uruchomienia, prowadzimy ca\u0142oroczn\u0105 dzia\u0142alno\u015b\u0107 serwisow\u0105 po zakupie i wdro\u017ceniu.<\/p>\n<p><!--more--><\/p>\n<p style=\"text-align: justify;\">Programy Comarch Klasyka to wiekowe (jak na standardy IT) ale wci\u0105\u017c popularne i jeszcze dzia\u0142aj\u0105ce programy DOS-owe. S\u0105 ju\u017c ponad 20 lat na rynku, maj\u0105 rzesze swoich klient\u00f3w i wielbicieli. Dop\u00f3ki istnieje DOS (a w \u015brodowisku Windows 10 32-bit nadal istnieje) tak d\u0142ugo b\u0119d\u0105 mog\u0142y by\u0107 uruchamiane i obs\u0142ugiwane. W sprzeda\u017cy ju\u017c nie s\u0105, ale nadal je serwisujemy. Mamy du\u017co do\u015bwiadczenia z tymi programami (od 1998 r.). Je\u015bli pa\u0144stwa firma nadal dzia\u0142a na tych programach, bez problemu mo\u017cemy je wspiera\u0107 i serwisowa\u0107. Programy te do dzisiaj w wielu przypadkach stanowi\u0105 wz\u00f3r doskona\u0142o\u015bci dla nowszych aplikacji. A jedn\u0105 z podstawowych zalet jest szybko\u015b\u0107 pracy, przejrzysto\u015b\u0107 i &#8230;. chyba w\u0142a\u015bnie przyzwyczajenie. Wielu klient\u00f3w (zw\u0142aszcza starszych) nie lubi zmian i na zmieniaj\u0105ce si\u0119 realia produkt\u00f3w IT reaguj\u0105 ma\u0142ym zainteresowaniem. Mo\u017ce tego nie popieramy, ale staramy si\u0119 nie negowa\u0107, s\u0105 r\u00f3\u017cne sytuacje, ka\u017cdy ma jaki\u015b argument.<\/p>\n","protected":false},"excerpt":{"rendered":"<p>Podobno przyzwyczajenie jest drug\u0105 natur\u0105 cz\u0142owieka. Serwisujemy na bie\u017c\u0105co i obs\u0142ugujemy wszystkich klient\u00f3w posiadaj\u0105cych programy Comarch Klasyka. KH, KP, F++, PIK, Kadry i P\u0142ace, FA itd. W zawi\u0105zku z zako\u0144czeniem sprzeda\u017cy program\u00f3w Comarch Klasyka zach\u0119camy wszystkich klient\u00f3w do przej\u015bcia na program Comarch OPTIMA w dowolnym momencie. Prowadzimy klient\u00f3w przez ca\u0142o\u015b\u0107 procesu zmiany oprogramowania. Uzgadniamy zasady [&hellip;]<\/p>\n","protected":false},"author":1,"featured_media":0,"parent":0,"menu_order":0,"comment_status":"closed","ping_status":"closed","template":"","meta":[],"_links":{"self":[{"href":"http:\/\/softserwis.eu\/index.php?rest_route=\/wp\/v2\/pages\/100"}],"collection":[{"href":"http:\/\/softserwis.eu\/index.php?rest_route=\/wp\/v2\/pages"}],"about":[{"href":"http:\/\/softserwis.eu\/index.php?rest_route=\/wp\/v2\/types\/page"}],"author":[{"embeddable":true,"href":"http:\/\/softserwis.eu\/index.php?rest_route=\/wp\/v2\/users\/1"}],"replies":[{"embeddable":true,"href":"http:\/\/softserwis.eu\/index.php?rest_route=%2Fwp%2Fv2%2Fcomments&post=100"}],"version-history":[{"count":11,"href":"http:\/\/softserwis.eu\/index.php?rest_route=\/wp\/v2\/pages\/100\/revisions"}],"predecessor-version":[{"id":423,"href":"http:\/\/softserwis.eu\/index.php?rest_route=\/wp\/v2\/pages\/100\/revisions\/423"}],"wp:attachment":[{"href":"http:\/\/softserwis.eu\/index.php?rest_route=%2Fwp%2Fv2%2Fmedia&parent=100"}],"curies":[{"name":"wp","href":"https:\/\/api.w.org\/{rel}","templated":true}]}}